{"id":44,"date":"2023-07-01T21:41:20","date_gmt":"2023-07-01T19:41:20","guid":{"rendered":"http:\/\/ropeandtree.com\/?page_id=44"},"modified":"2023-07-09T18:31:25","modified_gmt":"2023-07-09T16:31:25","slug":"accueil","status":"publish","type":"page","link":"https:\/\/ropeandtree.com\/","title":{"rendered":"Accueil"},"content":{"rendered":"\n<div class=\"wp-block-cover alignfull\" style=\"min-height:843px\"><span aria-hidden=\"true\" class=\"has-ast-global-color-0-background-color has-background-dim-0 wp-block-cover__gradient-background has-background-dim\"><\/span><img loading=\"lazy\" width=\"1920\" height=\"1080\" class=\"wp-block-cover__image-background wp-image-95\" alt=\"\" src=\"http:\/\/ropeandtree.com\/wp-content\/uploads\/2023\/07\/Zeichenflache-1-3.png\" style=\"object-position:100% 0%\" data-object-fit=\"cover\" data-object-position=\"100% 0%\" srcset=\"https:\/\/ropeandtree.com\/wp-content\/uploads\/2023\/07\/Zeichenflache-1-3.png 1920w, https:\/\/ropeandtree.com\/wp-content\/uploads\/2023\/07\/Zeichenflache-1-3-300x169.png 300w, https:\/\/ropeandtree.com\/wp-content\/uploads\/2023\/07\/Zeichenflache-1-3-1024x576.png 1024w, https:\/\/ropeandtree.com\/wp-content\/uploads\/2023\/07\/Zeichenflache-1-3-768x432.png 768w, https:\/\/ropeandtree.com\/wp-content\/uploads\/2023\/07\/Zeichenflache-1-3-1536x864.png 1536w\" sizes=\"(max-width: 1920px) 100vw, 1920px\" \/><div class=\"wp-block-cover__inner-container\">\n<div class=\"inherit-container-width wp-container-1 wp-block-group alignwide\">\n<div class=\"wp-block-media-text alignwide has-media-on-the-right is-stacked-on-mobile is-vertically-aligned-center\" style=\"grid-template-columns:auto 43%\"><figure class=\"wp-block-media-text__media\"><img loading=\"lazy\" width=\"1024\" height=\"905\" src=\"http:\/\/ropeandtree.com\/wp-content\/uploads\/2023\/07\/Zeichenflache-5-1024x905.png\" alt=\"\" class=\"wp-image-83 size-full\" srcset=\"https:\/\/ropeandtree.com\/wp-content\/uploads\/2023\/07\/Zeichenflache-5-1024x905.png 1024w, https:\/\/ropeandtree.com\/wp-content\/uploads\/2023\/07\/Zeichenflache-5-300x265.png 300w, https:\/\/ropeandtree.com\/wp-content\/uploads\/2023\/07\/Zeichenflache-5-768x678.png 768w, https:\/\/ropeandtree.com\/wp-content\/uploads\/2023\/07\/Zeichenflache-5.png 1192w\" sizes=\"(max-width: 1024px) 100vw, 1024px\" \/><\/figure><div class=\"wp-block-media-text__content\">\n<h1 class=\"has-text-align-left has-ast-global-color-1-color has-text-color\" style=\"margin-top:0px;margin-right:0px;margin-bottom:0px;margin-left:0px\">Ce Site est actuellement sous Maintenance<\/h1>\n\n\n\n<p>Nous vous demandons un peu de patience&#8230; restez curieux des chouettes choses vous attendent<\/p>\n<\/div><\/div>\n<\/div>\n<\/div><\/div>\n\n\n\n<figure class=\"wp-block-image size-full is-resized\"><img loading=\"lazy\" src=\"http:\/\/ropeandtree.com\/wp-content\/uploads\/2023\/07\/Zeichenflache-4.png\" alt=\"\" class=\"wp-image-84\" width=\"1195\" height=\"262\" srcset=\"https:\/\/ropeandtree.com\/wp-content\/uploads\/2023\/07\/Zeichenflache-4.png 1926w, https:\/\/ropeandtree.com\/wp-content\/uploads\/2023\/07\/Zeichenflache-4-300x66.png 300w, https:\/\/ropeandtree.com\/wp-content\/uploads\/2023\/07\/Zeichenflache-4-1024x225.png 1024w, https:\/\/ropeandtree.com\/wp-content\/uploads\/2023\/07\/Zeichenflache-4-768x169.png 768w, https:\/\/ropeandtree.com\/wp-content\/uploads\/2023\/07\/Zeichenflache-4-1536x337.png 1536w\" sizes=\"(max-width: 1195px) 100vw, 1195px\" \/><\/figure>\n\n\n\n<figure class=\"wp-block-gallery alignfull has-nested-images columns-4 is-cropped\">\n<figure class=\"wp-block-image size-full\"><img loading=\"lazy\" width=\"746\" height=\"1024\" data-id=\"175\"  src=\"http:\/\/ropeandtree.com\/wp-content\/uploads\/2023\/07\/1688813950499-1-746x1024.jpg\" alt=\"\" class=\"wp-image-175\" srcset=\"https:\/\/ropeandtree.com\/wp-content\/uploads\/2023\/07\/1688813950499-1-746x1024.jpg 746w, https:\/\/ropeandtree.com\/wp-content\/uploads\/2023\/07\/1688813950499-1-218x300.jpg 218w, https:\/\/ropeandtree.com\/wp-content\/uploads\/2023\/07\/1688813950499-1-768x1055.jpg 768w, https:\/\/ropeandtree.com\/wp-content\/uploads\/2023\/07\/1688813950499-1.jpg 900w\" sizes=\"(max-width: 746px) 100vw, 746px\" \/><\/figure>\n\n\n\n<figure class=\"wp-block-image size-full\"><img loading=\"lazy\" width=\"751\" height=\"1024\" data-id=\"177\"  src=\"http:\/\/ropeandtree.com\/wp-content\/uploads\/2023\/07\/1688813950583-1-751x1024.jpg\" alt=\"\" class=\"wp-image-177\" srcset=\"https:\/\/ropeandtree.com\/wp-content\/uploads\/2023\/07\/1688813950583-1-751x1024.jpg 751w, https:\/\/ropeandtree.com\/wp-content\/uploads\/2023\/07\/1688813950583-1-220x300.jpg 220w, https:\/\/ropeandtree.com\/wp-content\/uploads\/2023\/07\/1688813950583-1-768x1048.jpg 768w, https:\/\/ropeandtree.com\/wp-content\/uploads\/2023\/07\/1688813950583-1.jpg 947w\" sizes=\"(max-width: 751px) 100vw, 751px\" \/><\/figure>\n\n\n\n<figure class=\"wp-block-image size-full\"><img loading=\"lazy\" width=\"768\" height=\"1024\" data-id=\"178\"  src=\"http:\/\/ropeandtree.com\/wp-content\/uploads\/2023\/07\/IMG_20221126_141945-1-768x1024.jpg\" alt=\"\" class=\"wp-image-178\" srcset=\"https:\/\/ropeandtree.com\/wp-content\/uploads\/2023\/07\/IMG_20221126_141945-1-768x1024.jpg 768w, https:\/\/ropeandtree.com\/wp-content\/uploads\/2023\/07\/IMG_20221126_141945-1-225x300.jpg 225w, https:\/\/ropeandtree.com\/wp-content\/uploads\/2023\/07\/IMG_20221126_141945-1-1152x1536.jpg 1152w, https:\/\/ropeandtree.com\/wp-content\/uploads\/2023\/07\/IMG_20221126_141945-1-1536x2048.jpg 1536w, https:\/\/ropeandtree.com\/wp-content\/uploads\/2023\/07\/IMG_20221126_141945-1-scaled.jpg 1920w\" sizes=\"(max-width: 768px) 100vw, 768px\" \/><\/figure>\n\n\n\n<figure class=\"wp-block-image size-full\"><img loading=\"lazy\" width=\"709\" height=\"1024\" data-id=\"176\"  src=\"http:\/\/ropeandtree.com\/wp-content\/uploads\/2023\/07\/1688813950417-1-709x1024.jpg\" alt=\"\" class=\"wp-image-176\" srcset=\"https:\/\/ropeandtree.com\/wp-content\/uploads\/2023\/07\/1688813950417-1-709x1024.jpg 709w, https:\/\/ropeandtree.com\/wp-content\/uploads\/2023\/07\/1688813950417-1-208x300.jpg 208w, https:\/\/ropeandtree.com\/wp-content\/uploads\/2023\/07\/1688813950417-1-768x1109.jpg 768w, https:\/\/ropeandtree.com\/wp-content\/uploads\/2023\/07\/1688813950417-1.jpg 831w\" sizes=\"(max-width: 709px) 100vw, 709px\" \/><\/figure>\n<\/figure>\n\n\n\n<div class=\"inherit-container-width wp-container-2 wp-block-group alignfull has-ast-global-color-1-background-color has-text-color has-background\" style=\"color:#000000\">\n<h2 class=\"has-text-align-left has-ast-global-color-5-color has-text-color\" id=\"schedule-a-visit\" style=\"font-size:59px;line-height:1.15\">Qui sommes nous ? <\/h2>\n\n\n\n<div style=\"height:10px\" aria-hidden=\"true\" class=\"wp-block-spacer\"><\/div>\n\n\n\n<div class=\"wp-block-media-text alignwide is-stacked-on-mobile\" style=\"grid-template-columns:38% auto\"><figure class=\"wp-block-media-text__media\"><img loading=\"lazy\" width=\"928\" height=\"1024\" src=\"http:\/\/ropeandtree.com\/wp-content\/uploads\/2023\/07\/IMG_20220902_094259-928x1024.jpg\" alt=\"\" class=\"wp-image-179 size-full\" srcset=\"https:\/\/ropeandtree.com\/wp-content\/uploads\/2023\/07\/IMG_20220902_094259-928x1024.jpg 928w, https:\/\/ropeandtree.com\/wp-content\/uploads\/2023\/07\/IMG_20220902_094259-272x300.jpg 272w, https:\/\/ropeandtree.com\/wp-content\/uploads\/2023\/07\/IMG_20220902_094259-768x847.jpg 768w, https:\/\/ropeandtree.com\/wp-content\/uploads\/2023\/07\/IMG_20220902_094259-1392x1536.jpg 1392w, https:\/\/ropeandtree.com\/wp-content\/uploads\/2023\/07\/IMG_20220902_094259-1856x2048.jpg 1856w\" sizes=\"(max-width: 928px) 100vw, 928px\" \/><\/figure><div class=\"wp-block-media-text__content\">\n<h6 class=\"has-x-large-font-size\"><em>Rope and Tree<\/em>, sp\u00e9cialiste en travaux en hauteur et acc\u00e8s difficiles, vous accompagne dans vos projets. \u00c9quipe qualifi\u00e9e pour l\u2019industrie, l\u2019environnement urbain, les zones naturelles et l\u2019\u00e9lagage\/abattage.&nbsp;<\/h6>\n<\/div><\/div>\n\n\n\n<div style=\"height:64px\" aria-hidden=\"true\" class=\"wp-block-spacer\"><\/div>\n<\/div>\n\n\n\n<div class=\"inherit-container-width wp-container-3 wp-block-group alignfull has-ast-global-color-5-background-color has-text-color has-background\" style=\"color:#000000\">\n<div style=\"height:64px\" aria-hidden=\"true\" class=\"wp-block-spacer\"><\/div>\n\n\n\n<h2 class=\"has-ast-global-color-0-color has-text-color\">Nous proposons <\/h2>\n\n\n\n<h2 class=\"has-ast-global-color-0-color has-text-color\">des services tels que :<\/h2>\n\n\n\n<figure class=\"wp-block-image alignwide size-full\"><img loading=\"lazy\" width=\"1929\" height=\"768\" src=\"http:\/\/ropeandtree.com\/wp-content\/uploads\/2023\/07\/Zeichenflache-7-3.png\" alt=\"\" class=\"wp-image-120\" srcset=\"https:\/\/ropeandtree.com\/wp-content\/uploads\/2023\/07\/Zeichenflache-7-3.png 1929w, https:\/\/ropeandtree.com\/wp-content\/uploads\/2023\/07\/Zeichenflache-7-3-300x119.png 300w, https:\/\/ropeandtree.com\/wp-content\/uploads\/2023\/07\/Zeichenflache-7-3-1024x408.png 1024w, https:\/\/ropeandtree.com\/wp-content\/uploads\/2023\/07\/Zeichenflache-7-3-768x306.png 768w, https:\/\/ropeandtree.com\/wp-content\/uploads\/2023\/07\/Zeichenflache-7-3-1536x612.png 1536w\" sizes=\"(max-width: 1929px) 100vw, 1929px\" \/><\/figure>\n\n\n\n<h2 class=\"alignwide has-ast-global-color-0-color has-text-color\">Nos Atouts :<\/h2>\n\n\n\n<figure class=\"wp-block-image size-full\"><img loading=\"lazy\" width=\"1929\" height=\"631\" src=\"http:\/\/ropeandtree.com\/wp-content\/uploads\/2023\/07\/Zeichenflache-7-Kopie-1.png\" alt=\"\" class=\"wp-image-191\" srcset=\"https:\/\/ropeandtree.com\/wp-content\/uploads\/2023\/07\/Zeichenflache-7-Kopie-1.png 1929w, https:\/\/ropeandtree.com\/wp-content\/uploads\/2023\/07\/Zeichenflache-7-Kopie-1-300x98.png 300w, https:\/\/ropeandtree.com\/wp-content\/uploads\/2023\/07\/Zeichenflache-7-Kopie-1-1024x335.png 1024w, https:\/\/ropeandtree.com\/wp-content\/uploads\/2023\/07\/Zeichenflache-7-Kopie-1-768x251.png 768w, https:\/\/ropeandtree.com\/wp-content\/uploads\/2023\/07\/Zeichenflache-7-Kopie-1-1536x502.png 1536w\" sizes=\"(max-width: 1929px) 100vw, 1929px\" \/><\/figure>\n\n\n\n<figure class=\"wp-block-gallery has-nested-images columns-default is-cropped\">\n<figure class=\"wp-block-image size-large\"><img loading=\"lazy\" width=\"1011\" height=\"1024\" src=\"http:\/\/ropeandtree.com\/wp-content\/uploads\/2023\/07\/IMG_20230303_162745-9-1011x1024.jpg\" alt=\"\" class=\"wp-image-197\" srcset=\"https:\/\/ropeandtree.com\/wp-content\/uploads\/2023\/07\/IMG_20230303_162745-9-1011x1024.jpg 1011w, https:\/\/ropeandtree.com\/wp-content\/uploads\/2023\/07\/IMG_20230303_162745-9-296x300.jpg 296w, https:\/\/ropeandtree.com\/wp-content\/uploads\/2023\/07\/IMG_20230303_162745-9-768x778.jpg 768w, https:\/\/ropeandtree.com\/wp-content\/uploads\/2023\/07\/IMG_20230303_162745-9-1516x1536.jpg 1516w, https:\/\/ropeandtree.com\/wp-content\/uploads\/2023\/07\/IMG_20230303_162745-9-2022x2048.jpg 2022w\" sizes=\"(max-width: 1011px) 100vw, 1011px\" \/><\/figure>\n\n\n\n<figure class=\"wp-block-image size-full is-style-default\"><img loading=\"lazy\" width=\"1920\" height=\"2560\" src=\"http:\/\/ropeandtree.com\/wp-content\/uploads\/2023\/07\/image3-2-scaled.jpg\" alt=\"\" class=\"wp-image-182\" srcset=\"https:\/\/ropeandtree.com\/wp-content\/uploads\/2023\/07\/image3-2-scaled.jpg 1920w, https:\/\/ropeandtree.com\/wp-content\/uploads\/2023\/07\/image3-2-225x300.jpg 225w, https:\/\/ropeandtree.com\/wp-content\/uploads\/2023\/07\/image3-2-768x1024.jpg 768w, https:\/\/ropeandtree.com\/wp-content\/uploads\/2023\/07\/image3-2-1152x1536.jpg 1152w, https:\/\/ropeandtree.com\/wp-content\/uploads\/2023\/07\/image3-2-1536x2048.jpg 1536w\" sizes=\"(max-width: 1920px) 100vw, 1920px\" \/><\/figure>\n<\/figure>\n\n\n\n<div style=\"height:138px\" aria-hidden=\"true\" class=\"wp-block-spacer\"><\/div>\n\n\n\n<blockquote class=\"wp-block-quote has-text-align-center has-large-font-size\" style=\"font-style:normal;font-weight:600\"><p>Faites-nous confiance pour mener \u00e0 bien <br>vos projets de mani\u00e8re efficace et professionnelle. <\/p><\/blockquote>\n<\/div>\n\n\n\n<div class=\"inherit-container-width wp-container-5 wp-block-group alignfull has-ast-global-color-0-background-color has-text-color has-background\" style=\"color:#000000\">\n<div style=\"height:64px\" aria-hidden=\"true\" class=\"wp-block-spacer\"><\/div>\n\n\n\n<h1 class=\"has-text-align-center has-ast-global-color-5-color has-text-color\" id=\"schedule-a-visit\" style=\"font-size:59px;line-height:1.15\">Besoin de notre aide ?<\/h1>\n\n\n\n<div id=\"Contac-us\" class=\"wp-container-4 wp-block-buttons\">\n<div class=\"wp-block-button has-custom-width wp-block-button__width-50 is-style-fill\"><a class=\"wp-block-button__link has-ast-global-color-1-background-color has-text-color has-background\" href=\"http:\/\/ropeandtree.com\/index.php\/accueil\/contacte-nous\/\" style=\"border-radius:0px;color:#ffffff\">Contactez-nous<\/a><\/div>\n<\/div>\n\n\n\n<div style=\"height:64px\" aria-hidden=\"true\" class=\"wp-block-spacer\"><\/div>\n<\/div>\n\n\n\n<p><\/p>\n","protected":false},"excerpt":{"rendered":"<p>Qui sommes nous ? Rope and Tree, sp\u00e9cialiste en travaux en hauteur et acc\u00e8s difficiles, vous accompagne dans vos projets. \u00c9quipe qualifi\u00e9e pour l\u2019industrie, l\u2019environnement urbain, les zones naturelles et l\u2019\u00e9lagage\/abattage.&nbsp; Nous proposons des services tels que : Nos Atouts : Faites-nous confiance pour mener \u00e0 bien vos projets de mani\u00e8re efficace et professionnelle. Besoin &hellip;<\/p>\n<p class=\"read-more\"> <a class=\"\" href=\"https:\/\/ropeandtree.com\/\"> <span class=\"screen-reader-text\">Accueil<\/span> Read More &raquo;<\/a><\/p>\n","protected":false},"author":1,"featured_media":0,"parent":0,"menu_order":0,"comment_status":"closed","ping_status":"closed","template":"","meta":{"site-sidebar-layout":"no-sidebar","site-content-layout":"plain-container","ast-global-header-display":"","ast-banner-title-visibility":"","ast-main-header-display":"","ast-hfb-above-header-display":"","ast-hfb-below-header-display":"","ast-hfb-mobile-header-display":"","site-post-title":"disabled","ast-breadcrumbs-content":"","ast-featured-img":"","footer-sml-layout":"","theme-transparent-header-meta":"enabled","adv-header-id-meta":"","stick-header-meta":"","header-above-stick-meta":"","header-main-stick-meta":"","header-below-stick-meta":""},"_links":{"self":[{"href":"https:\/\/ropeandtree.com\/index.php\/wp-json\/wp\/v2\/pages\/44"}],"collection":[{"href":"https:\/\/ropeandtree.com\/index.php\/wp-json\/wp\/v2\/pages"}],"about":[{"href":"https:\/\/ropeandtree.com\/index.php\/wp-json\/wp\/v2\/types\/page"}],"author":[{"embeddable":true,"href":"https:\/\/ropeandtree.com\/index.php\/wp-json\/wp\/v2\/users\/1"}],"replies":[{"embeddable":true,"href":"https:\/\/ropeandtree.com\/index.php\/wp-json\/wp\/v2\/comments?post=44"}],"version-history":[{"count":22,"href":"https:\/\/ropeandtree.com\/index.php\/wp-json\/wp\/v2\/pages\/44\/revisions"}],"predecessor-version":[{"id":199,"href":"https:\/\/ropeandtree.com\/index.php\/wp-json\/wp\/v2\/pages\/44\/revisions\/199"}],"wp:attachment":[{"href":"https:\/\/ropeandtree.com\/index.php\/wp-json\/wp\/v2\/media?parent=44"}],"curies":[{"name":"wp","href":"https:\/\/api.w.org\/{rel}","templated":true}]}}